{"id":4740,"date":"2017-06-25T21:44:38","date_gmt":"2017-06-25T21:44:38","guid":{"rendered":"https:\/\/saturdayplace.org\/programa\/"},"modified":"2023-09-05T17:05:29","modified_gmt":"2023-09-05T17:05:29","slug":"programa","status":"publish","type":"page","link":"https:\/\/saturdayplace.org\/es\/programa\/","title":{"rendered":"Programa"},"content":{"rendered":"<div class=\"wpb-content-wrapper\"><p>[vc_row full_width=\u00bbstretch_row\u00bb css=\u00bb.vc_custom_1496786424465{padding-top: 100px !important;padding-bottom: 100px !important;}\u00bb][vc_column width=\u00bb1\/2&#8243;][vc_column_text]<\/p>\n<div class=\"slz-shortcode sc_main_title style-2\">\n<div class=\"slz-main-title\">\n<h2 class=\"title\" style=\"text-align: center;\"><strong class=\"main-color\">RESULTADOS Y LOGROS DE<\/strong> LOS ESTUDIANTES<\/h2>\n<\/div>\n<\/div>\n<p>[\/vc_column_text][vc_column_text]Saturday Place tiene beneficios reales y demostrados. Nuestros alumnos no s\u00f3lo mejoran su rendimiento acad\u00e9mico, sino que mantienen sus mejoras a medida que avanzan de curso.<\/p>\n<p>Nuestros alumnos pueden llegar rindiendo como los m\u00e1s bajos de su clase, sin embargo, al final del a\u00f1o acad\u00e9mico, nuestros alumnos demuestran m\u00ednimamente:<\/p>\n<p><img loading=\"eager\" decoding=\"async\" class=\"aligncenter size-full wp-image-5579\" src=\"https:\/\/saturdayplace.org\/wp-content\/uploads\/2017\/06\/student_imrpovement_chart.jpg\" alt=\"\" width=\"607\" height=\"365\" srcset=\"https:\/\/saturdayplace.org\/wp-content\/uploads\/2017\/06\/student_imrpovement_chart.jpg 607w, https:\/\/saturdayplace.org\/wp-content\/uploads\/2017\/06\/student_imrpovement_chart-300x180.jpg 300w\" sizes=\"(max-width: 607px) 100vw, 607px\" \/><\/p>\n<p>Una evaluaci\u00f3n independiente del programa Saturday Place realizada por la Facultad de Educaci\u00f3n de la Universidad de Loyola identific\u00f3 una amplia gama de beneficios para los estudiantes:<\/p>\n<ul>\n<li>&#8211; Mejora del rendimiento acad\u00e9mico y de la autosuficiencia acad\u00e9mica<\/li>\n<li>&#8211; Desarrollo de los alumnos en \u00e1mbitos clave del aprendizaje socioemocional.<\/li>\n<li>&#8211; Mayor crecimiento en lectura y matem\u00e1ticas en las pruebas nacionales estandarizadas<br \/>\nentre antiguos alumnos del programa en 5\u00ba y 6\u00ba curso<\/li>\n<li>&#8211; Mayor deseo entre los estudiantes de asistir a la universidad<\/li>\n<li>&#8211; Mejora de las habilidades relacionales en casa y en la escuela<\/li>\n<li>&#8211; Cultivo de un sano sentido de la autoconciencia y la autoestima<\/li>\n<\/ul>\n<h3>Casos de \u00e9xito<\/h3>\n<p>[\/vc_column_text][\/vc_column][vc_column width=\u00bb1\/2&#8243;][vc_single_image image=\u00bb9150&#8243; img_size=\u00bbfull\u00bb alignment=\u00bbcenter\u00bb][vc_single_image image=\u00bb9152&#8243; img_size=\u00bbfull\u00bb alignment=\u00bbcenter\u00bb][\/vc_column][\/vc_row][vc_row full_width=\u00bbstretch_row\u00bb css=\u00bb.vc_custom_1496786424465{padding-top: 100px !important;padding-bottom: 100px !important;}\u00bb][vc_column width=\u00bb1\/2&#8243;][vc_column_text]<\/p>\n<div class=\"slz-shortcode sc_main_title style-2\">\n<div class=\"slz-main-title\">\n<h2 class=\"title\" style=\"text-align: center;\">C\u00d3MO <strong class=\"main-color\">FUNCIONA SATURDAY PLACE<\/strong><\/h2>\n<\/div>\n<\/div>\n<p>[\/vc_column_text][vc_column_text]Saturday Place es un programa de refuerzo acad\u00e9mico para alumnos de 3\u00ba y 4\u00ba de las escuelas p\u00fablicas de Chicago con un retraso de al menos un a\u00f1o con respecto al nivel de su curso. Nuestra misi\u00f3n es que nuestros alumnos -la mayor\u00eda de los cuales proceden de entornos desfavorecidos- alcancen su pleno potencial acad\u00e9mico y personal.<\/p>\n<p>El programa, de dos a\u00f1os de duraci\u00f3n, se centra en mejorar el rendimiento acad\u00e9mico en las competencias b\u00e1sicas (lectura y comprensi\u00f3n, redacci\u00f3n y matem\u00e1ticas). Los alumnos participantes acuden a Saturday Place todos los s\u00e1bados del curso acad\u00e9mico para pasar medio d\u00eda de aprendizaje pr\u00e1ctico y descubrimiento.<\/p>\n<p>Pero Saturday Place es mucho m\u00e1s que un centro acad\u00e9mico. Hemos optado por celebrar nuestros programas en campus universitarios para que la educaci\u00f3n universitaria parezca una posibilidad real para nuestros hijos. Adem\u00e1s, ofrecemos excursiones y otros programas inspiradores para que puedan imaginar vidas y carreras m\u00e1s all\u00e1 de sus empobrecidas comunidades.<\/p>\n<h3><strong>Centros de aprendizaje y planes de estudios<\/strong><\/h3>\n<p>El aprendizaje no es igual para todos. Saturday Place reconoce estas diferencias y ense\u00f1a a los alumnos a aprender. Gracias a las habilidades pr\u00e1cticas de aprendizaje, los antiguos alumnos de Saturday Place han empezado a aprender al mismo nivel que sus compa\u00f1eros en el plano acad\u00e9mico y, en algunos casos, los han superado.<\/p>\n<ul>\n<li><strong>Fluidez lectora y comprensi\u00f3n lectora<\/strong><\/li>\n<li>Las actividades de lectura se centran en preguntas de pensamiento cr\u00edtico de alto nivel para captar el inter\u00e9s de los alumnos y agudizar sus habilidades de comprensi\u00f3n lectora.<\/li>\n<li><strong>Escribir<\/strong><\/li>\n<li>Las actividades de escritura est\u00e1n dise\u00f1adas para ayudar a los alumnos a identificar patrones en las palabras que les permitan leerlas y escribirlas correctamente.<\/li>\n<li><strong>Matem\u00e1ticas<\/strong><\/li>\n<li>Los conceptos matem\u00e1ticos se vuelven concretos y reales para los ni\u00f1os a trav\u00e9s de una combinaci\u00f3n de divertidas estrategias kinest\u00e9sicas, visuales, sensoriales y de repetici\u00f3n para desarrollar la competencia y la confianza en el c\u00e1lculo matem\u00e1tico.<\/li>\n<\/ul>\n<h3><\/h3>\n<h3><strong>Selecci\u00f3n de estudiantes<\/strong><\/h3>\n<p>Saturday Place proporciona ciertos criterios a las escuelas para asegurarse de que estamos ayudando a los estudiantes m\u00e1s necesitados de ayuda acad\u00e9mica. Los estudiantes son examinados y, en \u00faltima instancia, elegidos por el director y los profesores de su centro escolar.<\/p>\n<h3><strong>Compromiso familiar<\/strong><\/h3>\n<p>El \u00e9xito de nuestros alumnos depende en gran medida del compromiso familiar. Los estudiantes de \u00e9xito son aquellos cuyas familias se aseguran de que sus hijos asistan a todas las sesiones de los s\u00e1bados y se benefician al m\u00e1ximo del programa.<\/p>\n<h3><strong>Calendario t\u00edpico<\/strong><\/h3>\n<p>El programa se re\u00fane los s\u00e1bados medio d\u00eda durante el curso escolar de CPS.<\/p>\n<p>8:00 Recogida en el colegio<br \/>\n8:45 Llegada y desayuno<br \/>\n9:00 AM Rotaciones en el Centro: Lectura, Escritura y Matem\u00e1ticas<br \/>\n11:30 Almuerzo y recreo<br \/>\n12:30 PM Ciencia y Proyectos Integrados<br \/>\n13:30 Salida<br \/>\n14:00 Salida de la escuela<\/p>\n<h3><strong>Excursiones<\/strong><\/h3>\n<ul>\n<li><a href=\"https:\/\/saturdayplace.org\/es\/?page_id=7955\">Viaje de estudios al Hyatt Regency Chicago 2019<\/a><\/li>\n<li><a href=\"https:\/\/saturdayplace.org\/es\/?page_id=7727\">Excursi\u00f3n de Pi\u00f1atas 2018<\/a><\/li>\n<li><a href=\"https:\/\/saturdayplace.org\/es\/?page_id=7687\">Salida al campo de los Medias Blancas y los Toros 2018<\/a><\/li>\n<li><a href=\"https:\/\/saturdayplace.org\/es\/?page_id=9559\">Viaje de estudios de aprendizaje por servicio 2019<\/a><\/li>\n<\/ul>\n<p>[\/vc_column_text][\/vc_column][vc_column width=\u00bb1\/2&#8243;][vc_single_image image=\u00bb9154&#8243; img_size=\u00bbfull\u00bb alignment=\u00bbcenter\u00bb][vc_single_image image=\u00bb9156&#8243; img_size=\u00bbfull\u00bb alignment=\u00bbcenter\u00bb][vc_single_image image=\u00bb9158&#8243; img_size=\u00bbfull\u00bb alignment=\u00bbcenter\u00bb][\/vc_column][\/vc_row][vc_row full_width=\u00bbstretch_row\u00bb css=\u00bb.vc_custom_1496786424465{padding-top: 100px !important;padding-bottom: 100px !important;}\u00bb][vc_column width=\u00bb1\/2&#8243;][vc_column_text]<\/p>\n<div class=\"slz-shortcode sc_main_title style-2\">\n<div class=\"slz-main-title\">\n<h2 class=\"title\" style=\"text-align: center;\"><strong class=\"main-color\">ASOCIACIONES<\/strong><\/h2>\n<\/div>\n<\/div>\n<p>[\/vc_column_text][vc_column_text]<\/p>\n<ul>\n<li>\n<h3><strong>UIC<\/strong><\/h3>\n<p><a href=\"http:\/\/www.uic.edu\">www.uic.edu<\/a><br \/>\nEdificio de Ciencias del Comportamiento<br \/>\n1004 W. Harrison<\/li>\n<li>\n<\/li>\n<\/ul>\n<p>[\/vc_column_text][vc_empty_space height=\u00bb20px\u00bb][vc_column_text]<\/p>\n<ul>\n<li>\n<h3><strong>Academia Multicultural C\u00e9sar Ch\u00e1vez<\/strong><\/h3>\n<p><a href=\"http:\/\/Chavez.cps.edu\">Chavez.cps.edu<\/a><br \/>\n4747 S. Marshfield,<br \/>\nChicago, IL 60609<br \/>\nDirector Barton Dassinger<\/li>\n<\/ul>\n<p>[\/vc_column_text][vc_empty_space height=\u00bb20px\u00bb][vc_column_text]<\/p>\n<ul>\n<li>\n<h3><strong>Escuela Primaria John C. Burroughs<\/strong><\/h3>\n<p><a href=\"http:\/\/Burroughs.cps.edu\">Burroughs.cps.edu<\/a><br \/>\n3542 S. Washtenaw Ave Chicago, IL 60632-1639<br \/>\nDirector Richard Morris<\/li>\n<\/ul>\n<p>[\/vc_column_text][vc_empty_space height=\u00bb20px\u00bb][vc_column_text]<\/p>\n<ul>\n<li>\n<h3><strong>Grupo de impresi\u00f3n Aloha<\/strong><\/h3>\n<p><a href=\"%22https:\/\/www.alohaprintgroup.com\/\">https:\/\/www.alohaprintgroup.com\/<\/a><br \/>\n333 S. Wabash Ave. Suite 1502<br \/>\nChicago, IL 60604<br \/>\n312-542-1300<\/li>\n<\/ul>\n<p>[\/vc_column_text][vc_empty_space height=\u00bb20px\u00bb][\/vc_column][vc_column width=\u00bb1\/2&#8243;][vc_empty_space height=\u00bb75px\u00bb][vc_single_image image=\u00bb5573&#8243; img_size=\u00bbfull\u00bb alignment=\u00bbcenter\u00bb][vc_single_image image=\u00bb5571&#8243; img_size=\u00bbfull\u00bb alignment=\u00bbcenter\u00bb][vc_single_image image=\u00bb5569&#8243; img_size=\u00bbmedium\u00bb alignment=\u00bbcenter\u00bb][vc_single_image image=\u00bb9972&#8243; img_size=\u00bbmedium\u00bb alignment=\u00bbcenter\u00bb][\/vc_column][\/vc_row]<\/p>\n<\/div>","protected":false},"excerpt":{"rendered":"<p>[vc_row full_width=\u00bbstretch_row\u00bb css=\u00bb.vc_custom_1496786424465{padding-top: 100px !important;padding-bottom: 100px !important;}\u00bb][vc_column width=\u00bb1\/2&#8243;][vc_column_text] RESULTADOS Y LOGROS DE LOS ESTUDIANTES [\/vc_column_text][vc_column_text]Saturday Place tiene beneficios reales y demostrados. Nuestros alumnos no s\u00f3lo mejoran su rendimiento acad\u00e9mico, sino que mantienen sus mejoras a medida que avanzan de curso. Nuestros alumnos pueden llegar rindiendo como los m\u00e1s bajos de su clase, sin embargo, al [&hellip;]<\/p>\n","protected":false},"author":1,"featured_media":0,"parent":0,"menu_order":0,"comment_status":"closed","ping_status":"closed","template":"","meta":{"give_campaign_id":0,"footnotes":""},"class_list":["post-4740","page","type-page","status-publish","hentry"],"campaignId":"","_links":{"self":[{"href":"https:\/\/saturdayplace.org\/es\/wp-json\/wp\/v2\/pages\/4740","targetHints":{"allow":["GET"]}}],"collection":[{"href":"https:\/\/saturdayplace.org\/es\/wp-json\/wp\/v2\/pages"}],"about":[{"href":"https:\/\/saturdayplace.org\/es\/wp-json\/wp\/v2\/types\/page"}],"author":[{"embeddable":true,"href":"https:\/\/saturdayplace.org\/es\/wp-json\/wp\/v2\/users\/1"}],"replies":[{"embeddable":true,"href":"https:\/\/saturdayplace.org\/es\/wp-json\/wp\/v2\/comments?post=4740"}],"version-history":[{"count":31,"href":"https:\/\/saturdayplace.org\/es\/wp-json\/wp\/v2\/pages\/4740\/revisions"}],"predecessor-version":[{"id":14121,"href":"https:\/\/saturdayplace.org\/es\/wp-json\/wp\/v2\/pages\/4740\/revisions\/14121"}],"wp:attachment":[{"href":"https:\/\/saturdayplace.org\/es\/wp-json\/wp\/v2\/media?parent=4740"}],"curies":[{"name":"wp","href":"https:\/\/api.w.org\/{rel}","templated":true}]}}